{"id":276,"date":"2020-11-01T19:29:18","date_gmt":"2020-11-01T17:29:18","guid":{"rendered":"https:\/\/edgework.dk\/?page_id=276"},"modified":"2021-06-17T20:50:00","modified_gmt":"2021-06-17T18:50:00","slug":"om-os","status":"publish","type":"page","link":"https:\/\/edgework.dk\/?page_id=276","title":{"rendered":"Om os"},"content":{"rendered":"\n<figure class=\"wp-block-image alignfull size-large is-style-default\"><img loading=\"lazy\" decoding=\"async\" width=\"1024\" height=\"428\" src=\"https:\/\/edgework.dk\/wp-content\/uploads\/2020\/11\/Om-os-1024x428.jpg\" alt=\"EdgeWork\" class=\"wp-image-279\" srcset=\"https:\/\/edgework.dk\/wp-content\/uploads\/2020\/11\/Om-os-1024x428.jpg 1024w, https:\/\/edgework.dk\/wp-content\/uploads\/2020\/11\/Om-os-300x126.jpg 300w, https:\/\/edgework.dk\/wp-content\/uploads\/2020\/11\/Om-os-768x321.jpg 768w, https:\/\/edgework.dk\/wp-content\/uploads\/2020\/11\/Om-os-1536x643.jpg 1536w, https:\/\/edgework.dk\/wp-content\/uploads\/2020\/11\/Om-os-2048x857.jpg 2048w\" sizes=\"(max-width: 1024px) 100vw, 1024px\" \/><\/figure>\n\n\n\n<h2 class=\"has-text-color wp-block-heading\" style=\"color:#ffbd59\">Vi er EdgeWork<\/h2>\n\n\n\n<p>EdgeWork \u00f8nsker, som navnet understreger, at arbejde p\u00e5 kanten med b\u00e5de musik og tekst. Vi vil provokere, stille sp\u00f8rgsm\u00e5lstegn ved og v\u00e6re undrende overfor samfundet, religion, eksistentielle sp\u00f8rgsm\u00e5l og selve livet, med udgangspunkt i bibelens verdenssyn.&nbsp;<\/p>\n\n\n\n<h4 class=\"wp-block-heading\">Musik med et budskab<\/h4>\n\n\n\n<p>Med vores instrumentale numre vil vi ogs\u00e5 frem med budskaber. Vi guider med progressive akkorder, stemningsfyldte lydbilleder og intense opbygninger. Med vores tekster vil vi have lytteren til at tage stilling og undres sammen med os. EdgeWork arbejder ikke med tilf\u00e6ldigheder, men med menneskelige tanker, dilemmaer og sp\u00f8rgsm\u00e5l. Vi \u00f8nsker at aktivere f\u00f8lelserne, sanserne og tankerne ved at lede lytterne igennem en musikalsk rejse.<\/p>\n\n\n\n<h4 class=\"wp-block-heading\">Tre venner i et musikalsk projekt<\/h4>\n\n\n\n<p>EdgeWork best\u00e5r af <strong>Philip \u00d8sterby Kristoffersen<\/strong> p\u00e5 trommer, <strong>Christoffer Sander Andersen<\/strong> p\u00e5 guitar, og <strong>Leon Danielsen<\/strong> p\u00e5 keys og vokal. Vi er sammen i livsprocessen som venner, og i den musikalske proces som musikere, hvor vi i f\u00e6llesskab udfolder aspekter af livet i en musikalsk kontekst. B\u00e5de tekster og musik skrives i f\u00e6llesskab af alle bandmedlemme, for at opn\u00e5 det bedst mulige resultat.&nbsp;<\/p>\n\n\n\n<p><\/p>\n","protected":false},"excerpt":{"rendered":"<p>Vi er EdgeWork EdgeWork \u00f8nsker, som navnet understreger, at arbejde p\u00e5 kanten med b\u00e5de musik og tekst. Vi vil provokere, stille sp\u00f8rgsm\u00e5lstegn ved og v\u00e6re undrende overfor samfundet, religion, eksistentielle<\/p>\n<p class=\"more-link\"><a href=\"https:\/\/edgework.dk\/?page_id=276\" class=\"readmore\">Continue reading<span class=\"screen-reader-text\">Om os<\/span><\/a><\/p>\n","protected":false},"author":1,"featured_media":279,"parent":0,"menu_order":0,"comment_status":"closed","ping_status":"closed","template":"","meta":{"footnotes":""},"class_list":["post-276","page","type-page","status-publish","has-post-thumbnail","hentry"],"jetpack_sharing_enabled":true,"_links":{"self":[{"href":"https:\/\/edgework.dk\/index.php?rest_route=\/wp\/v2\/pages\/276"}],"collection":[{"href":"https:\/\/edgework.dk\/index.php?rest_route=\/wp\/v2\/pages"}],"about":[{"href":"https:\/\/edgework.dk\/index.php?rest_route=\/wp\/v2\/types\/page"}],"author":[{"embeddable":true,"href":"https:\/\/edgework.dk\/index.php?rest_route=\/wp\/v2\/users\/1"}],"replies":[{"embeddable":true,"href":"https:\/\/edgework.dk\/index.php?rest_route=%2Fwp%2Fv2%2Fcomments&post=276"}],"version-history":[{"count":9,"href":"https:\/\/edgework.dk\/index.php?rest_route=\/wp\/v2\/pages\/276\/revisions"}],"predecessor-version":[{"id":292,"href":"https:\/\/edgework.dk\/index.php?rest_route=\/wp\/v2\/pages\/276\/revisions\/292"}],"wp:featuredmedia":[{"embeddable":true,"href":"https:\/\/edgework.dk\/index.php?rest_route=\/wp\/v2\/media\/279"}],"wp:attachment":[{"href":"https:\/\/edgework.dk\/index.php?rest_route=%2Fwp%2Fv2%2Fmedia&parent=276"}],"curies":[{"name":"wp","href":"https:\/\/api.w.org\/{rel}","templated":true}]}}